{"id":6258,"date":"2025-04-15T10:07:05","date_gmt":"2025-04-15T10:07:05","guid":{"rendered":"https:\/\/fiviveglobal.com\/product\/grosshandel-coco-husk-rope-toy-100-natuerlich-herstellung-in-vietnam\/"},"modified":"2025-04-15T10:07:05","modified_gmt":"2025-04-15T10:07:05","slug":"grosshandel-coco-husk-rope-toy-100-natuerlich-herstellung-in-vietnam","status":"publish","type":"product","link":"https:\/\/fiviveglobal.com\/de\/product\/grosshandel-coco-husk-rope-toy-100-natuerlich-herstellung-in-vietnam\/","title":{"rendered":"Gro\u00dfhandel Coco Husk Rope Toy 100% nat\u00fcrlich &#8211; Herstellung in Vietnam"},"content":{"rendered":null,"protected":false},"excerpt":{"rendered":"<ul>\n<li style=\"font-weight: 400;\" aria-level=\"1\"><b>Nat\u00fcrliche Zahnreinigung<\/b><span style=\"font-weight: 400;\"> &#8211; Die strukturierten Fasern helfen, die Z\u00e4hne zu reinigen, w\u00e4hrend Ihr Hund kaut.<\/span><\/li>\n<li style=\"font-weight: 400;\" aria-level=\"1\"><b>Lustig und fesselnd<\/b><span style=\"font-weight: 400;\"> &#8211; Leicht und perfekt zum Apportieren, Kauen oder Alleinspielen.<\/span><\/li>\n<li style=\"font-weight: 400;\" aria-level=\"1\"><b>Umweltfreundlich &amp; sicher<\/b><span> &#8211; Hergestellt aus 100% nat\u00fcrlichen, nachhaltig gewonnenen Kokosnussschalen.<\/span><\/li>\n<\/ul>\n<p><b>Ma\u00dfanfertigung:<\/b><span style=\"font-weight: 400;\"> Wir k\u00f6nnen auf der Grundlage Ihrer gew\u00fcnschten Gr\u00f6\u00dfen produzieren.<\/span><span style=\"font-weight: 400;\"><br \/>\n<\/span><b>Verpackung:<\/b><span style=\"font-weight: 400;\"> ODM\/OEM-Verpackungen sind auf Anfrage erh\u00e4ltlich.<\/span><span style=\"font-weight: 400;\"><br \/>\n<\/span><b>Mindestbestellmenge:<\/b><span style=\"font-weight: 400;\"> 50 St\u00fcck pro Gr\u00f6\u00dfe.<\/span><span style=\"font-weight: 400;\"><br \/>\n<\/span><b>Produktionszeit:<\/b><span style=\"font-weight: 400;\"> 5-15 Tage.<\/span><span style=\"font-weight: 400;\"><br \/>\n<\/span><b>Verf\u00fcgbare Gr\u00f6\u00dfen:<\/b><span style=\"font-weight: 400;\"> S, M, L, XL.<\/span><span style=\"font-weight: 400;\"><br \/>\n<\/span><b>Kostenlose Proben:<\/b><span style=\"font-weight: 400;\"> Verf\u00fcgbar &#8211; Sie m\u00fcssen nur die Versandkosten \u00fcbernehmen.<\/span><\/p>\n<p><b>Kontaktieren Sie uns:<\/b><b><br \/>\n<\/b><span style=\"font-weight: 400;\">\ud83d\udce7 E-Mail: fiviveglobal@gmail.com<\/span><span style=\"font-weight: 400;\"><br \/>\n<\/span><span style=\"font-weight: 400;\">\ud83d\udcde Telefon\/WhatsApp: (+84) 0901 601 920<\/span><\/p>\n","protected":false},"featured_media":6873,"comment_status":"closed","ping_status":"closed","template":"","meta":{"_monsterinsights_skip_tracking":false,"_monsterinsights_sitenote_active":false,"_monsterinsights_sitenote_note":"","_monsterinsights_sitenote_category":0},"product_brand":[],"product_cat":[341],"product_tag":[],"class_list":{"0":"post-6258","1":"product","2":"type-product","3":"status-publish","4":"has-post-thumbnail","6":"product_cat-kokosnuss-hundespielzeug","8":"first","9":"instock","10":"shipping-taxable","11":"purchasable","12":"product-type-simple"},"_links":{"self":[{"href":"https:\/\/fiviveglobal.com\/de\/wp-json\/wp\/v2\/product\/6258","targetHints":{"allow":["GET"]}}],"collection":[{"href":"https:\/\/fiviveglobal.com\/de\/wp-json\/wp\/v2\/product"}],"about":[{"href":"https:\/\/fiviveglobal.com\/de\/wp-json\/wp\/v2\/types\/product"}],"replies":[{"embeddable":true,"href":"https:\/\/fiviveglobal.com\/de\/wp-json\/wp\/v2\/comments?post=6258"}],"wp:featuredmedia":[{"embeddable":true,"href":"https:\/\/fiviveglobal.com\/de\/wp-json\/wp\/v2\/media\/6873"}],"wp:attachment":[{"href":"https:\/\/fiviveglobal.com\/de\/wp-json\/wp\/v2\/media?parent=6258"}],"wp:term":[{"taxonomy":"product_brand","embeddable":true,"href":"https:\/\/fiviveglobal.com\/de\/wp-json\/wp\/v2\/product_brand?post=6258"},{"taxonomy":"product_cat","embeddable":true,"href":"https:\/\/fiviveglobal.com\/de\/wp-json\/wp\/v2\/product_cat?post=6258"},{"taxonomy":"product_tag","embeddable":true,"href":"https:\/\/fiviveglobal.com\/de\/wp-json\/wp\/v2\/product_tag?post=6258"}],"curies":[{"name":"wp","href":"https:\/\/api.w.org\/{rel}","templated":true}]}}