{"id":6265,"date":"2025-04-15T10:07:05","date_gmt":"2025-04-15T10:07:05","guid":{"rendered":"https:\/\/fiviveglobal.com\/product\/grosshandel-coco-husk-ball-toy-100-natuerlich-herstellung-in-vietnam\/"},"modified":"2025-04-15T10:07:05","modified_gmt":"2025-04-15T10:07:05","slug":"grosshandel-coco-husk-ball-toy-100-natuerlich-herstellung-in-vietnam","status":"publish","type":"product","link":"https:\/\/fiviveglobal.com\/de\/product\/grosshandel-coco-husk-ball-toy-100-natuerlich-herstellung-in-vietnam\/","title":{"rendered":"Gro\u00dfhandel Coco Husk Ball Toy 100% nat\u00fcrlich &#8211; Herstellung in Vietnam"},"content":{"rendered":null,"protected":false},"excerpt":{"rendered":"<ul>\n<li data-start=\"88\" data-end=\"402\">Nat\u00fcrliche Zahnreinigung &#8211; Die strukturierten Fasern helfen, die Z\u00e4hne zu reinigen, w\u00e4hrend Ihr Hund kaut.<\/li>\n<li data-start=\"88\" data-end=\"402\">Spielspa\u00df &#8211; Leicht und perfekt zum Apportieren, Kauen oder Alleinspielen.<\/li>\n<li data-start=\"88\" data-end=\"402\">Umweltfreundlich &amp; sicher &#8211; Hergestellt aus 100% nat\u00fcrlichen, nachhaltig gewonnenen Kokosnussschalen.<\/li>\n<\/ul>\n<p class=\"\" data-start=\"88\" data-end=\"402\"><strong data-start=\"88\" data-end=\"110\">Kundenspezifische Produktion:<\/strong> Wir k\u00f6nnen auf der Grundlage Ihrer gew\u00fcnschten Gr\u00f6\u00dfen produzieren.<br data-start=\"159\" data-end=\"162\"><strong data-start=\"162\" data-end=\"176\">Verpackung:<\/strong> ODM\/OEM-Verpackungen sind auf Anfrage erh\u00e4ltlich.<br data-start=\"218\" data-end=\"221\"><strong data-start=\"221\" data-end=\"248\">Mindestbestellmenge:<\/strong> 50 St\u00fcck pro Gr\u00f6\u00dfe.<br data-start=\"268\" data-end=\"271\" data-is-only-node=\"\"><strong data-start=\"271\" data-end=\"291\">Produktionszeit:<\/strong> 5-15 Tage.<br data-start=\"302\" data-end=\"305\"><strong data-start=\"305\" data-end=\"325\">Verf\u00fcgbare Gr\u00f6\u00dfen:<\/strong> S, M, L, XL.<br data-start=\"338\" data-end=\"341\"><strong data-start=\"341\" data-end=\"358\">Kostenlose Muster:<\/strong> Verf\u00fcgbar &#8211; Sie m\u00fcssen nur die Versandkosten \u00fcbernehmen.<\/p>\n<p class=\"\" data-start=\"404\" data-end=\"494\"><strong data-start=\"404\" data-end=\"419\">Kontaktieren Sie uns:<\/strong><br data-start=\"419\" data-end=\"422\">\ud83d\udce7 E-Mail: <a rel=\"noopener\" data-start=\"432\" data-end=\"454\">fiviveglobal@gmail.com<\/a><br data-start=\"454\" data-end=\"457\"> Telefon\/WhatsApp: (+84) 0901 601 920\ud83d\udcde <\/p>\n","protected":false},"featured_media":6854,"comment_status":"closed","ping_status":"closed","template":"","meta":{"_monsterinsights_skip_tracking":false,"_monsterinsights_sitenote_active":false,"_monsterinsights_sitenote_note":"","_monsterinsights_sitenote_category":0},"product_brand":[],"product_cat":[341],"product_tag":[],"class_list":{"0":"post-6265","1":"product","2":"type-product","3":"status-publish","4":"has-post-thumbnail","6":"product_cat-kokosnuss-hundespielzeug","8":"first","9":"instock","10":"shipping-taxable","11":"purchasable","12":"product-type-simple"},"_links":{"self":[{"href":"https:\/\/fiviveglobal.com\/de\/wp-json\/wp\/v2\/product\/6265","targetHints":{"allow":["GET"]}}],"collection":[{"href":"https:\/\/fiviveglobal.com\/de\/wp-json\/wp\/v2\/product"}],"about":[{"href":"https:\/\/fiviveglobal.com\/de\/wp-json\/wp\/v2\/types\/product"}],"replies":[{"embeddable":true,"href":"https:\/\/fiviveglobal.com\/de\/wp-json\/wp\/v2\/comments?post=6265"}],"wp:featuredmedia":[{"embeddable":true,"href":"https:\/\/fiviveglobal.com\/de\/wp-json\/wp\/v2\/media\/6854"}],"wp:attachment":[{"href":"https:\/\/fiviveglobal.com\/de\/wp-json\/wp\/v2\/media?parent=6265"}],"wp:term":[{"taxonomy":"product_brand","embeddable":true,"href":"https:\/\/fiviveglobal.com\/de\/wp-json\/wp\/v2\/product_brand?post=6265"},{"taxonomy":"product_cat","embeddable":true,"href":"https:\/\/fiviveglobal.com\/de\/wp-json\/wp\/v2\/product_cat?post=6265"},{"taxonomy":"product_tag","embeddable":true,"href":"https:\/\/fiviveglobal.com\/de\/wp-json\/wp\/v2\/product_tag?post=6265"}],"curies":[{"name":"wp","href":"https:\/\/api.w.org\/{rel}","templated":true}]}}