{"id":6233,"date":"2025-04-15T10:07:04","date_gmt":"2025-04-15T10:07:04","guid":{"rendered":"https:\/\/fiviveglobal.com\/product\/grossiste-coffee-hemp-ball-chews-100-naturel-fabrique-au-vietnam\/"},"modified":"2025-04-15T10:07:04","modified_gmt":"2025-04-15T10:07:04","slug":"grossiste-coffee-hemp-ball-chews-100-naturel-fabrique-au-vietnam","status":"publish","type":"product","link":"https:\/\/fiviveglobal.com\/fr\/product\/grossiste-coffee-hemp-ball-chews-100-naturel-fabrique-au-vietnam\/","title":{"rendered":"Grossiste Coffee Hemp Ball Chews 100% naturel &#8211; Fabriqu\u00e9 au Vietnam"},"content":{"rendered":null,"protected":false},"excerpt":{"rendered":"<ul>\n<li style=\"font-weight: 400;\" aria-level=\"1\"><span style=\"font-weight: 400;\">100% naturel, sans produits chimiques<\/span><\/li>\n<li style=\"font-weight: 400;\" aria-level=\"1\"><span style=\"font-weight: 400;\">Respectueux de l&rsquo;environnement &#8211; fabriqu\u00e9 \u00e0 partir de bois de caf\u00e9<\/span><\/li>\n<li style=\"font-weight: 400;\" aria-level=\"1\"><span style=\"font-weight: 400;\">Amusant \u00e0 m\u00e2cher, \u00e0 lancer et \u00e0 tirer<\/span><\/li>\n<li style=\"font-weight: 400;\" aria-level=\"1\"><span style=\"font-weight: 400;\">Combinaison bois + corde pour une stimulation suppl\u00e9mentaire<\/span><\/li>\n<\/ul>\n<p><b>Production sur mesure :<\/b><span style=\"font-weight: 400;\"> Nous pouvons fabriquer selon les dimensions que vous souhaitez.<\/span><span style=\"font-weight: 400;\"><br \/>\n<\/span><b>Emballage :<\/b><span style=\"font-weight: 400;\"> Emballage ODM\/OEM disponible sur demande.<\/span><span style=\"font-weight: 400;\"><br \/>\n<\/span><b>Quantit\u00e9 minimale de commande :<\/b><span style=\"font-weight: 400;\"> 50 pi\u00e8ces par taille.<\/span><span style=\"font-weight: 400;\"><br \/>\n<\/span><b>D\u00e9lai de production :<\/b><span style=\"font-weight: 400;\"> 5-15 jours.<\/span><span style=\"font-weight: 400;\"><br \/>\n<\/span><b>Tailles disponibles :<\/b><span style=\"font-weight: 400;\"> S, M, L, XL.<\/span><span style=\"font-weight: 400;\"><br \/>\n<\/span><b>\u00c9chantillons gratuits :<\/b><span style=\"font-weight: 400;\"> Disponibles &#8211; il vous suffit de payer les frais d&rsquo;exp\u00e9dition.<\/span><\/p>\n<p><b>Contactez nous :<\/b><b><br \/>\n<\/b><span style=\"font-weight: 400;\">\ud83d\udce7 Courriel : fiviveglobal@gmail.com<\/span><span style=\"font-weight: 400;\"><br \/>\n<\/span><span style=\"font-weight: 400;\">\ud83d\udcde T\u00e9l\u00e9phone\/Application : (+84) 0901 601 920<\/span><\/p>\n","protected":false},"featured_media":6483,"comment_status":"closed","ping_status":"closed","template":"","meta":{"_monsterinsights_skip_tracking":false,"_monsterinsights_sitenote_active":false,"_monsterinsights_sitenote_note":"","_monsterinsights_sitenote_category":0},"product_brand":[],"product_cat":[330],"product_tag":[],"class_list":{"0":"post-6233","1":"product","2":"type-product","3":"status-publish","4":"has-post-thumbnail","6":"product_cat-jouets-a-macher-pour-chien-en-bois-de-cafe","8":"first","9":"instock","10":"shipping-taxable","11":"purchasable","12":"product-type-simple"},"_links":{"self":[{"href":"https:\/\/fiviveglobal.com\/fr\/wp-json\/wp\/v2\/product\/6233","targetHints":{"allow":["GET"]}}],"collection":[{"href":"https:\/\/fiviveglobal.com\/fr\/wp-json\/wp\/v2\/product"}],"about":[{"href":"https:\/\/fiviveglobal.com\/fr\/wp-json\/wp\/v2\/types\/product"}],"replies":[{"embeddable":true,"href":"https:\/\/fiviveglobal.com\/fr\/wp-json\/wp\/v2\/comments?post=6233"}],"wp:featuredmedia":[{"embeddable":true,"href":"https:\/\/fiviveglobal.com\/fr\/wp-json\/wp\/v2\/media\/6483"}],"wp:attachment":[{"href":"https:\/\/fiviveglobal.com\/fr\/wp-json\/wp\/v2\/media?parent=6233"}],"wp:term":[{"taxonomy":"product_brand","embeddable":true,"href":"https:\/\/fiviveglobal.com\/fr\/wp-json\/wp\/v2\/product_brand?post=6233"},{"taxonomy":"product_cat","embeddable":true,"href":"https:\/\/fiviveglobal.com\/fr\/wp-json\/wp\/v2\/product_cat?post=6233"},{"taxonomy":"product_tag","embeddable":true,"href":"https:\/\/fiviveglobal.com\/fr\/wp-json\/wp\/v2\/product_tag?post=6233"}],"curies":[{"name":"wp","href":"https:\/\/api.w.org\/{rel}","templated":true}]}}