{"id":6239,"date":"2025-04-15T10:07:04","date_gmt":"2025-04-15T10:07:04","guid":{"rendered":"https:\/\/fiviveglobal.com\/product\/grossiste-baton-a-macher-pour-chien-en-bois-de-cafe-100-naturel-fabrication-au-vietnam\/"},"modified":"2025-04-15T10:07:04","modified_gmt":"2025-04-15T10:07:04","slug":"grossiste-baton-a-macher-pour-chien-en-bois-de-cafe-100-naturel-fabrication-au-vietnam","status":"publish","type":"product","link":"https:\/\/fiviveglobal.com\/fr\/product\/grossiste-baton-a-macher-pour-chien-en-bois-de-cafe-100-naturel-fabrication-au-vietnam\/","title":{"rendered":"Grossiste B\u00e2ton \u00e0 m\u00e2cher pour chien en bois de caf\u00e9 100% naturel &#8211; Fabrication au Vietnam"},"content":{"rendered":null,"protected":false},"excerpt":{"rendered":"<p class=\"\" data-start=\"106\" data-end=\"131\"><strong data-start=\"106\" data-end=\"131\">Caract\u00e9ristiques exceptionnelles :<\/strong><\/p>\n<ul>\n<li data-start=\"135\" data-end=\"183\">Bois de caf\u00e9 100% naturel, issu du d\u00e9veloppement durable.<\/li>\n<li data-start=\"186\" data-end=\"236\">Favorise des habitudes de mastication saines et des soins dentaires.<\/li>\n<li data-start=\"239\" data-end=\"305\">Disponible en plusieurs tailles (XS &#8211; XXL) pour diff\u00e9rentes races de chiens.<\/li>\n<li data-start=\"308\" data-end=\"355\">Exempt de produits chimiques et d&rsquo;additifs artificiels.<\/li>\n<li data-start=\"358\" data-end=\"403\">Quantit\u00e9 minimale de commande : 50 pi\u00e8ces par taille.<\/li>\n<li data-start=\"406\" data-end=\"434\">D\u00e9lai de production : 5-10 jours.<\/li>\n<li data-start=\"437\" data-end=\"493\">Des \u00e9chantillons gratuits sont disponibles (il suffit de payer les frais d&rsquo;exp\u00e9dition).<\/li>\n<\/ul>\n<p class=\"\" data-start=\"496\" data-end=\"613\">Contactez-nous par <strong data-start=\"511\" data-end=\"520\">courriel<\/strong> ou par <strong data-start=\"524\" data-end=\"533\">t\u00e9l\u00e9phone<\/strong> (WhatsApp disponible) :<br data-start=\"555\" data-end=\"558\">\ud83d\udce7 <a rel=\"noopener\" data-start=\"563\" data-end=\"585\">fiviveglobal@gmail.com<\/a><br data-start=\"585\" data-end=\"588\">\ud83d\udcde (+84) 0901 601 920<\/p>\n","protected":false},"featured_media":6974,"comment_status":"closed","ping_status":"closed","template":"","meta":{"_monsterinsights_skip_tracking":false,"_monsterinsights_sitenote_active":false,"_monsterinsights_sitenote_note":"","_monsterinsights_sitenote_category":0},"product_brand":[],"product_cat":[330],"product_tag":[],"class_list":{"0":"post-6239","1":"product","2":"type-product","3":"status-publish","4":"has-post-thumbnail","6":"product_cat-jouets-a-macher-pour-chien-en-bois-de-cafe","8":"first","9":"instock","10":"shipping-taxable","11":"purchasable","12":"product-type-simple"},"_links":{"self":[{"href":"https:\/\/fiviveglobal.com\/fr\/wp-json\/wp\/v2\/product\/6239","targetHints":{"allow":["GET"]}}],"collection":[{"href":"https:\/\/fiviveglobal.com\/fr\/wp-json\/wp\/v2\/product"}],"about":[{"href":"https:\/\/fiviveglobal.com\/fr\/wp-json\/wp\/v2\/types\/product"}],"replies":[{"embeddable":true,"href":"https:\/\/fiviveglobal.com\/fr\/wp-json\/wp\/v2\/comments?post=6239"}],"wp:featuredmedia":[{"embeddable":true,"href":"https:\/\/fiviveglobal.com\/fr\/wp-json\/wp\/v2\/media\/6974"}],"wp:attachment":[{"href":"https:\/\/fiviveglobal.com\/fr\/wp-json\/wp\/v2\/media?parent=6239"}],"wp:term":[{"taxonomy":"product_brand","embeddable":true,"href":"https:\/\/fiviveglobal.com\/fr\/wp-json\/wp\/v2\/product_brand?post=6239"},{"taxonomy":"product_cat","embeddable":true,"href":"https:\/\/fiviveglobal.com\/fr\/wp-json\/wp\/v2\/product_cat?post=6239"},{"taxonomy":"product_tag","embeddable":true,"href":"https:\/\/fiviveglobal.com\/fr\/wp-json\/wp\/v2\/product_tag?post=6239"}],"curies":[{"name":"wp","href":"https:\/\/api.w.org\/{rel}","templated":true}]}}