{"id":6246,"date":"2025-04-15T10:07:05","date_gmt":"2025-04-15T10:07:05","guid":{"rendered":"https:\/\/fiviveglobal.com\/product\/jouet-de-corde-de-chanvre-a-deux-noeuds-100-naturel-fabrication-au-vietnam\/"},"modified":"2025-04-15T10:07:05","modified_gmt":"2025-04-15T10:07:05","slug":"jouet-de-corde-de-chanvre-a-deux-noeuds-100-naturel-fabrication-au-vietnam","status":"publish","type":"product","link":"https:\/\/fiviveglobal.com\/fr\/product\/jouet-de-corde-de-chanvre-a-deux-noeuds-100-naturel-fabrication-au-vietnam\/","title":{"rendered":"Jouet de corde de chanvre \u00e0 deux n\u0153uds 100% naturel &#8211; Fabrication au Vietnam"},"content":{"rendered":null,"protected":false},"excerpt":{"rendered":"<ul>\n<li style=\"font-weight: 400;\" aria-level=\"1\"><span style=\"font-weight: 400;\">Fabriqu\u00e9 \u00e0 la main \u00e0 partir d&rsquo;une corde de chanvre solide et naturelle<\/span><\/li>\n<li style=\"font-weight: 400;\" aria-level=\"1\"><span style=\"font-weight: 400;\">Fabriqu\u00e9 \u00e0 partir de mat\u00e9riaux \u00e9cologiques et biod\u00e9gradables<\/span><\/li>\n<li style=\"font-weight: 400;\" aria-level=\"1\"><span style=\"font-weight: 400;\">Les n\u0153uds durables permettent de tirer et de mordiller de mani\u00e8re interactive.<\/span><\/li>\n<li style=\"font-weight: 400;\" aria-level=\"1\"><span style=\"font-weight: 400;\">Un choix naturel pour les propri\u00e9taires d&rsquo;animaux soucieux de l&rsquo;environnement<\/span><\/li>\n<\/ul>\n<p><b>Production sur mesure :<\/b><span style=\"font-weight: 400;\"> Nous pouvons fabriquer selon les dimensions que vous souhaitez.<\/span><span style=\"font-weight: 400;\"><br \/>\n<\/span><b>Emballage :<\/b><span style=\"font-weight: 400;\"> Emballage ODM\/OEM disponible sur demande.<\/span><span style=\"font-weight: 400;\"><br \/>\n<\/span><b>Quantit\u00e9 minimale de commande :<\/b><span style=\"font-weight: 400;\"> 50 pi\u00e8ces par taille.<\/span><span style=\"font-weight: 400;\"><br \/>\n<\/span><b>D\u00e9lai de production :<\/b><span style=\"font-weight: 400;\"> 5-15 jours.<\/span><span style=\"font-weight: 400;\"><br \/>\n<\/span><b>Tailles disponibles :<\/b><span style=\"font-weight: 400;\"> S, M, L, XL.<\/span><span style=\"font-weight: 400;\"><br \/>\n<\/span><b>\u00c9chantillons gratuits :<\/b><span style=\"font-weight: 400;\"> Disponibles &#8211; il vous suffit de payer les frais d&rsquo;exp\u00e9dition.<\/span><\/p>\n<p><b>Contactez nous :<\/b><b><br \/>\n<\/b><span style=\"font-weight: 400;\">\ud83d\udce7 Courriel : fiviveglobal@gmail.com<\/span><span style=\"font-weight: 400;\"><br \/>\n<\/span><span style=\"font-weight: 400;\">\ud83d\udcde T\u00e9l\u00e9phone\/Application : (+84) 0901 601 920<\/span><\/p>\n","protected":false},"featured_media":5764,"comment_status":"closed","ping_status":"closed","template":"","meta":{"_monsterinsights_skip_tracking":false,"_monsterinsights_sitenote_active":false,"_monsterinsights_sitenote_note":"","_monsterinsights_sitenote_category":0},"product_brand":[],"product_cat":[334],"product_tag":[],"class_list":{"0":"post-6246","1":"product","2":"type-product","3":"status-publish","4":"has-post-thumbnail","6":"product_cat-jouets-en-corde-de-chanvre","8":"first","9":"instock","10":"shipping-taxable","11":"purchasable","12":"product-type-simple"},"_links":{"self":[{"href":"https:\/\/fiviveglobal.com\/fr\/wp-json\/wp\/v2\/product\/6246","targetHints":{"allow":["GET"]}}],"collection":[{"href":"https:\/\/fiviveglobal.com\/fr\/wp-json\/wp\/v2\/product"}],"about":[{"href":"https:\/\/fiviveglobal.com\/fr\/wp-json\/wp\/v2\/types\/product"}],"replies":[{"embeddable":true,"href":"https:\/\/fiviveglobal.com\/fr\/wp-json\/wp\/v2\/comments?post=6246"}],"wp:featuredmedia":[{"embeddable":true,"href":"https:\/\/fiviveglobal.com\/fr\/wp-json\/wp\/v2\/media\/5764"}],"wp:attachment":[{"href":"https:\/\/fiviveglobal.com\/fr\/wp-json\/wp\/v2\/media?parent=6246"}],"wp:term":[{"taxonomy":"product_brand","embeddable":true,"href":"https:\/\/fiviveglobal.com\/fr\/wp-json\/wp\/v2\/product_brand?post=6246"},{"taxonomy":"product_cat","embeddable":true,"href":"https:\/\/fiviveglobal.com\/fr\/wp-json\/wp\/v2\/product_cat?post=6246"},{"taxonomy":"product_tag","embeddable":true,"href":"https:\/\/fiviveglobal.com\/fr\/wp-json\/wp\/v2\/product_tag?post=6246"}],"curies":[{"name":"wp","href":"https:\/\/api.w.org\/{rel}","templated":true}]}}